{"id":52,"date":"2025-07-10T11:02:35","date_gmt":"2025-07-10T11:02:35","guid":{"rendered":"https:\/\/danielblatter.ch\/?page_id=52"},"modified":"2026-02-26T16:37:15","modified_gmt":"2026-02-26T16:37:15","slug":"db-die-biografie","status":"publish","type":"page","link":"https:\/\/danielblatter.ch\/?page_id=52","title":{"rendered":"dB die Biografie"},"content":{"rendered":"\n<p class=\"has-text-align-left\">Zu ungeduldig f\u00fcr klassischen Klavierunterricht, wechselte ich schon bald zur Gitarre. Im Gegensatz zum Klavier lernte ich schnell mit den ersten Liedern, dass die Antwort, mein Freund, im Wind weht und dass Tom Dooley geh\u00e4ngt wird. Die Gitarre brachte mich einigermassen heil durch die Pubert\u00e4t und das viele \u00dcben verhalf mir \u00a0sp\u00e4ter den Aufstieg \u00a0in der damals erfolgreichsten schweizer Partyband \u201eSixties Club\u201c vom Roady zum Begleitgitarristen. Zu dieser Zeit gab es mit Philipp Andereggen, die ersten Gehversuche eigener Lieder. Daraus entstand die erste oberwalliser Rap-Combo: \u201ejess-s-gott\u201c, die 1996 mit \u201eGanterbrigga eifach\u201c erste kulturelle Wunden in die unschuldige, von Hansr\u00fcedi und Michel Villa gepr\u00e4gte, H\u00f6rerschaft schnitten. Vom Rap gings zum Funk. Unter anderem bei \u201eDr. Best goes funky\u201c oder \u201eFruscht und schiis Chind\u201c \u00a0machte ich mir als \u00a0gefragten Gitarristen in der Region einen Namen. So kam es zur Gr\u00fcndung von \u201eDouble D\u201c oder den Features mit Stefanie Heinzmann bei Bigfish, sp\u00e4ter Bischfrisch. Gegen 2008 entdeckte ich die Freude am komponieren und entwickelte einen eigenst\u00e4ndigen Stil zu texten. Mit \u201edB die Band\u201c, sp\u00e4ter \u201eTschill\u201c und aktuell mit \u201eBlatterhorn\u201c \u00a0mit Martin Venetz trag ich mein musikalischesch Werk ans Publikum. Das poetische Werk ist j\u00fcnger und hat sich nach einem kleinen Gedichtband erst mit Wort+Totschlag so richtig etabliert. Die Kombination von SpokenWord, Satire und Musik spiel ich mit Johannes R. Millius abendf\u00fcllend mit \u201eeinfach mal die Messe halten\u201c (2023), \u201eAp\u00e9rokalypse\u201c (2024) und \u201eden Aufstand Proben\u201c (2025) in ausverkauften Veranstaltungen. Spoken Word und Musik kombiniere ich \u00a0auch im Solo-Programm, bei dem ich mir den Zugang zum Klavier zwischenzeitlich doch noch erklimpert habe. Neben den aktuellen Projekten und Bands: \u201eDaniel Blatter Solo\u201c \u201eWort+Totschlag\u201c und \u201eBlatterhorn\u201c komponiere und produziere ich Musik f\u00fcr Theaterproduktionen wie das \u201eWort und Spiel Ensemble\u201c und \u201eB\u00fchne M\u00f6rel\u201c. Lieber sp\u00e4t als nie, versuch ich mich nun auch mit \u00a0der Slampoetry.<\/p>\n","protected":false},"excerpt":{"rendered":"<p>Zu ungeduldig f\u00fcr klassischen Klavierunterricht, wechselte ich schon bald zur Gitarre. Im Gegensatz zum Klavier lernte ich schnell mit den ersten Liedern, dass die Antwort, mein Freund, im Wind weht<\/p>\n<p class=\"more-link\"><a href=\"https:\/\/danielblatter.ch\/?page_id=52\" class=\"readmore\">Mehr lesen&#8230;<span class=\"screen-reader-text\">dB die Biografie<\/span><\/a><\/p>\n","protected":false},"author":1,"featured_media":0,"parent":0,"menu_order":0,"comment_status":"closed","ping_status":"closed","template":"","meta":{"footnotes":""},"class_list":["post-52","page","type-page","status-publish","hentry"],"_links":{"self":[{"href":"https:\/\/danielblatter.ch\/index.php?rest_route=\/wp\/v2\/pages\/52","targetHints":{"allow":["GET"]}}],"collection":[{"href":"https:\/\/danielblatter.ch\/index.php?rest_route=\/wp\/v2\/pages"}],"about":[{"href":"https:\/\/danielblatter.ch\/index.php?rest_route=\/wp\/v2\/types\/page"}],"author":[{"embeddable":true,"href":"https:\/\/danielblatter.ch\/index.php?rest_route=\/wp\/v2\/users\/1"}],"replies":[{"embeddable":true,"href":"https:\/\/danielblatter.ch\/index.php?rest_route=%2Fwp%2Fv2%2Fcomments&post=52"}],"version-history":[{"count":3,"href":"https:\/\/danielblatter.ch\/index.php?rest_route=\/wp\/v2\/pages\/52\/revisions"}],"predecessor-version":[{"id":118,"href":"https:\/\/danielblatter.ch\/index.php?rest_route=\/wp\/v2\/pages\/52\/revisions\/118"}],"wp:attachment":[{"href":"https:\/\/danielblatter.ch\/index.php?rest_route=%2Fwp%2Fv2%2Fmedia&parent=52"}],"curies":[{"name":"wp","href":"https:\/\/api.w.org\/{rel}","templated":true}]}}