{"id":45,"date":"2025-06-02T06:24:28","date_gmt":"2025-06-02T06:24:28","guid":{"rendered":"https:\/\/danielblatter.ch\/?page_id=45"},"modified":"2026-03-07T13:59:29","modified_gmt":"2026-03-07T13:59:29","slug":"db-die-bereiche","status":"publish","type":"page","link":"https:\/\/danielblatter.ch\/?page_id=45","title":{"rendered":"dB die Bereiche"},"content":{"rendered":"\n<p><strong><mark style=\"background-color:rgba(0, 0, 0, 0);color:#00d084\" class=\"has-inline-color has-vivid-green-cyan-color\">DANIEL BLATTER SOLO<\/mark><\/strong><\/p>\n\n\n\n<p>Daniel Blatter ist Musiker. Und Poet. Erstmals setzt er sich solo mit seinen Texten ans Klavier. Im Schreiben verdichtet er, was ihn umtreibt, erfasst die Essenz von komplexen, unangenehmen Themen, die zu reichlich sind, um sie einzugrenzen. Sein unkonventioneller Humor erm\u00f6glicht es, \u00fcber Unangebrachtes zu Lachen und Ber\u00fchrungs\u00e4ngste zu brechen.<\/p>\n\n\n\n<p><\/p>\n\n\n\n<p><br \/><strong><mark style=\"background-color:rgba(0,0,0,0);color:#00d084\" class=\"has-inline-color has-vivid-green-cyan-color\">BLATTERHORN Mundart Wallis<\/mark><\/strong><\/p>\n\n\n\n<p>Martin Venetz, gleichzeitig FussSchlagzeuger und Bassist unterst\u00fctzt musikalisch das Werk von Daniel Blatter. Dieser schreibt, singt, spielt mit der Gitarre bei BLATTERHORN seine vielschichtigen Mundartlieder. Die Texte ber\u00fchren mal auf satirisch komische Weise, mal auf tiefgreifend melancholische. Martin Venetz bietet sozusagen den musikalischen Boden auf dem Daniel Blatter\u2019s unb\u00e4ndiger Ausdruck von Gef\u00fchl, Stimmung, Kritik und Potential der Gesellschaft steht. Kein BLATTERHORN Konzert ist gleich. Das Duo verz\u00fcckt immer wieder mit Improvisationen und \u00dcberraschungen.<\/p>\n\n\n\n<p><a href=\"https:\/\/blatterhorn.ch\">www.blatterhorn.ch<\/a><\/p>\n\n\n\n<p><\/p>\n\n\n\n<p><strong><mark style=\"background-color:rgba(0, 0, 0, 0);color:#00d084\" class=\"has-inline-color has-vivid-green-cyan-color\">LIEDERALP<\/mark><\/strong><\/p>\n\n\n\n<p>K\u00fcnstler die spielen k\u00f6nnen. Spielen im \u201enaiven\/kindlichen\u201c Sinne aber auch im ernsthaften\/reifen, musikalischen. Man k\u00f6nnte sagen Walliser Urgesteine, die sich von niemandem ins Herz meiseln lassen. Die Musik ist teils improvisiert, teils komponiert. Es wird gerade das gespielt, was der Tag verlangt. Entgegen dem digitalen Zeitgeist, der sich im Hirnnebel verliert, ist hier alles analog, organisch und handwerklich. Ephraim Salzmann, Gilbert \u201eSpeedy\u201c Jossen und Daniel Blatter sind Klangschaffende. Aus dem Einfluss des Einzelnen, jeder bringt seine Kompositionen rein, ensteht ein sehr vielseitiger Mix, der vom poppigen Mundart, sph\u00e4risch meditativen, von virtuosen Eskapaden \u00fcber zu solidem Rock geht. Genrem\u00e4ssig kaum einzuordnen. Wozu auch. Die drei gehen aufeinander ein, als h\u00e4tten sie schon immer zusammengeh\u00f6rt. Und das f\u00fchlt\/h\u00f6rt man an ihren Konzerten.<\/p>\n\n\n\n<p><\/p>\n\n\n\n<p><strong><mark style=\"background-color:rgba(0, 0, 0, 0);color:#00d084\" class=\"has-inline-color has-vivid-green-cyan-color\">Poetry Slam &#8211; Poetry Jam<\/mark><\/strong><\/p>\n\n\n\n<p>Schon immer irgendwie, aber doch erst NEU: Gedichte, Texte, Liedtexte, Cabarettnummern und SpokenWord Parts geh\u00f6rten schon immer zu Daniel Blatters Werk. Am 3. Mai 25 wagte er es aber erstmals auf eine Poetry Slam B\u00fchne. Das Nichts-Als-Text war zwar Neuland, aber auch reizvoll. Seit dem KulturB\u00e4rg Slam, kamen\/kommen weitere Slams dazu: im Ono, BE, Sumiswald (gewonnen) und Casino Slam, Winterthur.<\/p>\n\n\n\n<p><\/p>\n","protected":false},"excerpt":{"rendered":"<p>DANIEL BLATTER SOLO Daniel Blatter ist Musiker. Und Poet. Erstmals setzt er sich solo mit seinen Texten ans Klavier. Im Schreiben verdichtet er, was ihn umtreibt, erfasst die Essenz von<\/p>\n<p class=\"more-link\"><a href=\"https:\/\/danielblatter.ch\/?page_id=45\" class=\"readmore\">Mehr lesen&#8230;<span class=\"screen-reader-text\">dB die Bereiche<\/span><\/a><\/p>\n","protected":false},"author":1,"featured_media":0,"parent":0,"menu_order":0,"comment_status":"closed","ping_status":"closed","template":"","meta":{"footnotes":""},"class_list":["post-45","page","type-page","status-publish","hentry"],"_links":{"self":[{"href":"https:\/\/danielblatter.ch\/index.php?rest_route=\/wp\/v2\/pages\/45","targetHints":{"allow":["GET"]}}],"collection":[{"href":"https:\/\/danielblatter.ch\/index.php?rest_route=\/wp\/v2\/pages"}],"about":[{"href":"https:\/\/danielblatter.ch\/index.php?rest_route=\/wp\/v2\/types\/page"}],"author":[{"embeddable":true,"href":"https:\/\/danielblatter.ch\/index.php?rest_route=\/wp\/v2\/users\/1"}],"replies":[{"embeddable":true,"href":"https:\/\/danielblatter.ch\/index.php?rest_route=%2Fwp%2Fv2%2Fcomments&post=45"}],"version-history":[{"count":20,"href":"https:\/\/danielblatter.ch\/index.php?rest_route=\/wp\/v2\/pages\/45\/revisions"}],"predecessor-version":[{"id":165,"href":"https:\/\/danielblatter.ch\/index.php?rest_route=\/wp\/v2\/pages\/45\/revisions\/165"}],"wp:attachment":[{"href":"https:\/\/danielblatter.ch\/index.php?rest_route=%2Fwp%2Fv2%2Fmedia&parent=45"}],"curies":[{"name":"wp","href":"https:\/\/api.w.org\/{rel}","templated":true}]}}