{"id":24,"date":"2025-05-27T19:05:25","date_gmt":"2025-05-27T19:05:25","guid":{"rendered":"https:\/\/danielblatter.ch\/?page_id=24"},"modified":"2026-04-14T17:20:31","modified_gmt":"2026-04-14T17:20:31","slug":"db-die-buehne","status":"publish","type":"page","link":"https:\/\/danielblatter.ch\/?page_id=24","title":{"rendered":"dB die B\u00fchne"},"content":{"rendered":"\n<ul class=\"wp-block-list\">\n<li>29. April 2026 musikalische Intermezzi Buchver\u00f6ffentlichung \u201eChange &#8211; Kraft der Ver\u00e4nderung\u201c von Silvia Eyer Lesung @ ZeughausKultur, Brig<\/li>\n\n\n\n<li>19. Juni 2026 Liederalp @Wakkerpreis Brig Festival im Stockalperpark, Brig<\/li>\n<\/ul>\n\n\n\n<ul class=\"wp-block-list\">\n<li>29. August 2026 Umw\u00e4ltf\u00e4scht, Biotop Brig<\/li>\n\n\n\n<li>04. bis 26.09.26 Musik f\u00fcr B\u00fchne M\u00f6rel \u201eJubil\u00e4umsst\u00fcck\u201c Frau Yamamoto ist noch da (Dea Loher) @Naters<\/li>\n\n\n\n<li>03. April 2027 Ritterschlag Schloss Slam, Sumiswald<\/li>\n<\/ul>\n","protected":false},"excerpt":{"rendered":"","protected":false},"author":1,"featured_media":0,"parent":0,"menu_order":0,"comment_status":"closed","ping_status":"closed","template":"","meta":{"footnotes":""},"class_list":["post-24","page","type-page","status-publish","hentry"],"_links":{"self":[{"href":"https:\/\/danielblatter.ch\/index.php?rest_route=\/wp\/v2\/pages\/24","targetHints":{"allow":["GET"]}}],"collection":[{"href":"https:\/\/danielblatter.ch\/index.php?rest_route=\/wp\/v2\/pages"}],"about":[{"href":"https:\/\/danielblatter.ch\/index.php?rest_route=\/wp\/v2\/types\/page"}],"author":[{"embeddable":true,"href":"https:\/\/danielblatter.ch\/index.php?rest_route=\/wp\/v2\/users\/1"}],"replies":[{"embeddable":true,"href":"https:\/\/danielblatter.ch\/index.php?rest_route=%2Fwp%2Fv2%2Fcomments&post=24"}],"version-history":[{"count":31,"href":"https:\/\/danielblatter.ch\/index.php?rest_route=\/wp\/v2\/pages\/24\/revisions"}],"predecessor-version":[{"id":186,"href":"https:\/\/danielblatter.ch\/index.php?rest_route=\/wp\/v2\/pages\/24\/revisions\/186"}],"wp:attachment":[{"href":"https:\/\/danielblatter.ch\/index.php?rest_route=%2Fwp%2Fv2%2Fmedia&parent=24"}],"curies":[{"name":"wp","href":"https:\/\/api.w.org\/{rel}","templated":true}]}}